{"id":277,"date":"2022-10-17T12:39:15","date_gmt":"2022-10-17T12:39:15","guid":{"rendered":"https:\/\/www.ccfbg.net\/?page_id=277"},"modified":"2022-10-25T08:47:45","modified_gmt":"2022-10-25T08:47:45","slug":"parceiros-2","status":"publish","type":"page","link":"https:\/\/www.ccfbg.net\/index.php\/parceiros-2\/","title":{"rendered":"Parceiros"},"content":{"rendered":"\n<p><strong>Escola Francesa Ren\u00e9 Descartes<\/strong><br>Localizada no distrito verdejante de Santa Luzia, a Escola Francesa Ren\u00e9 Descartes em Bissau acolhe crian\u00e7as desde o jardim-de-inf\u00e2ncia at\u00e9 ao ensino secund\u00e1rio. Os estudantes do ensino b\u00e1sico e secund\u00e1rio est\u00e3o inscritos no CNED (Centre National d\u2019Enseignement \u00e0 Distance), um operador do Minist\u00e9rio da Educa\u00e7\u00e3o Nacional franc\u00eas com o qual a escola tem um acordo.<br>No infant\u00e1rio, \u201cLa communaut\u00e9 enfantine\u201d e \u201cLa maison des enfants\u201d acolhem crian\u00e7as dos 18 meses aos 3 anos e dos 4 aos 5 anos e inspiram-se na abordagem pedag\u00f3gica de Maria Montessori. Num ambiente adequado, as crian\u00e7as desenvolvem-se e florescem de alegria no seu caminho para a autonomia e o sucesso.<\/p>\n\n\n\n<p>Contato para mais informa\u00e7\u00f5es: 95926868<br>Endere\u00e7o: Av. Rafael Barbosa, Santa Luzia, Bissau<\/p>\n","protected":false},"excerpt":{"rendered":"<p>Escola Francesa Ren\u00e9 DescartesLocalizada no distrito verdejante de Santa Luzia, a Escola Francesa Ren\u00e9 Descartes em Bissau acolhe crian\u00e7as desde o jardim-de-inf\u00e2ncia at\u00e9 ao ensino secund\u00e1rio. Os estudantes do ensino&hellip;<\/p>\n","protected":false},"author":1,"featured_media":0,"parent":0,"menu_order":0,"comment_status":"closed","ping_status":"closed","template":"","meta":{"footnotes":""},"class_list":["post-277","page","type-page","status-publish","hentry"],"_links":{"self":[{"href":"https:\/\/www.ccfbg.net\/index.php\/wp-json\/wp\/v2\/pages\/277","targetHints":{"allow":["GET"]}}],"collection":[{"href":"https:\/\/www.ccfbg.net\/index.php\/wp-json\/wp\/v2\/pages"}],"about":[{"href":"https:\/\/www.ccfbg.net\/index.php\/wp-json\/wp\/v2\/types\/page"}],"author":[{"embeddable":true,"href":"https:\/\/www.ccfbg.net\/index.php\/wp-json\/wp\/v2\/users\/1"}],"replies":[{"embeddable":true,"href":"https:\/\/www.ccfbg.net\/index.php\/wp-json\/wp\/v2\/comments?post=277"}],"version-history":[{"count":4,"href":"https:\/\/www.ccfbg.net\/index.php\/wp-json\/wp\/v2\/pages\/277\/revisions"}],"predecessor-version":[{"id":329,"href":"https:\/\/www.ccfbg.net\/index.php\/wp-json\/wp\/v2\/pages\/277\/revisions\/329"}],"wp:attachment":[{"href":"https:\/\/www.ccfbg.net\/index.php\/wp-json\/wp\/v2\/media?parent=277"}],"curies":[{"name":"wp","href":"https:\/\/api.w.org\/{rel}","templated":true}]}}