{"id":2467,"date":"2026-02-26T19:26:23","date_gmt":"2026-02-26T19:26:23","guid":{"rendered":"https:\/\/www.ccfbg.net\/?page_id=2467"},"modified":"2026-02-26T19:30:09","modified_gmt":"2026-02-26T19:30:09","slug":"espaco-i-participate","status":"publish","type":"page","link":"https:\/\/www.ccfbg.net\/index.php\/espaco-i-participate\/","title":{"rendered":"Espa\u00e7o I-Participate"},"content":{"rendered":"\n<p>O Espa\u00e7o I-Participate do Centro Cultural Franco-Bissau-Guineense \u00e9 um lugar dedicado \u00e0 participa\u00e7\u00e3o cidad\u00e3, \u00e0 inova\u00e7\u00e3o digital e ao empoderamento da juventude.<\/p>\n\n\n\n<p>Trata-se de um projeto implementado pelo Centro Cultural Franco-Bissau-Guineense, em parceria com a ONG Tiniguena e o Programa das Na\u00e7\u00f5es Unidas para o Desenvolvimento (PNUD), com cofinanciamento da Uni\u00e3o Europeia.<\/p>\n\n\n\n<p>Concebido como um espa\u00e7o aberto, inclusivo e moderno, o I-Participate oferece aos jovens ferramentas concretas para desenvolver ideias, projetos associativos, iniciativas empreendedoras e conte\u00fados criativos. \u00c9 tamb\u00e9m um espa\u00e7o de forma\u00e7\u00e3o, com especial enfoque na inclus\u00e3o, na literacia digital, no uso das ferramentas inform\u00e1ticas e nas novas tecnologias.<\/p>\n\n\n\n<p>Recebemos e incentivamos os jovens a enviarem propostas de atividades, debates, oficinas ou podcasts. O espa\u00e7o est\u00e1 aberto a ideias inovadoras que contribuam para o desenvolvimento social, cultural e c\u00edvico da Guin\u00e9-Bissau.<\/p>\n\n\n\n<p>O I-Participate disp\u00f5e de:<\/p>\n\n\n\n<p>\u2013 computadores com acesso \u00e0 internet<br>\u2013 acompanhamento t\u00e9cnico para projetos digitais<br>\u2013 est\u00fadio de podcast e produ\u00e7\u00e3o \u00e1udio<br>\u2013 espa\u00e7o de trabalho colaborativo<br>\u2013 forma\u00e7\u00f5es em literacia digital e novas tecnologias<\/p>\n\n\n\n<p>Todos os conte\u00fados produzidos no \u00e2mbito do est\u00fadio podem ser consultados na plataforma:<br><a href=\"https:\/\/i-participate.com\/\">https:\/\/i-participate.com\/<\/a><\/p>\n\n\n\n<p>O Espa\u00e7o I-Participate est\u00e1 plenamente integrado com os outros espa\u00e7os do Centro Cultural, nomeadamente a Biblioteca Multim\u00e9dia e o Audit\u00f3rio, onde organizamos regularmente confer\u00eancias e debates sobre temas como inclus\u00e3o social, empowerment feminino, desenvolvimento sustent\u00e1vel, cidadania e participa\u00e7\u00e3o juvenil.<\/p>\n\n\n\n<h3 class=\"wp-block-heading\">Hor\u00e1rio de funcionamento<\/h3>\n\n\n\n<p>O Espa\u00e7o I-Participate segue o hor\u00e1rio da Mediateca:<\/p>\n\n\n\n<p>De ter\u00e7a a sexta-feira: 9h \u00e0s 13h e 15h \u00e0s 19h<br>S\u00e1bado: 9h \u00e0s 13h<br>Encerrado \u00e0s segundas-feiras de manh\u00e3, nos feriados, durante o m\u00eas de agosto e nas f\u00e9rias de fim de ano.<\/p>\n\n\n\n<p>Para mais informa\u00e7\u00f5es ou envio de propostas:<br><a>diretor@ccfbg.net<\/a><\/p>\n\n\n\n<p>Pra\u00e7a Che Guevara, rotunda de Baiana, Bissau<br>Telefone \/ WhatsApp: (245) 955148038<\/p>\n\n\n\n<figure class=\"wp-block-image size-large\"><img loading=\"lazy\" decoding=\"async\" width=\"1024\" height=\"768\" src=\"https:\/\/www.ccfbg.net\/wp-content\/uploads\/2026\/02\/WhatsApp-Image-2026-02-26-at-18.50.49-1-1024x768.jpeg\" alt=\"\" class=\"wp-image-2469\" srcset=\"https:\/\/www.ccfbg.net\/wp-content\/uploads\/2026\/02\/WhatsApp-Image-2026-02-26-at-18.50.49-1-1024x768.jpeg 1024w, https:\/\/www.ccfbg.net\/wp-content\/uploads\/2026\/02\/WhatsApp-Image-2026-02-26-at-18.50.49-1-300x225.jpeg 300w, https:\/\/www.ccfbg.net\/wp-content\/uploads\/2026\/02\/WhatsApp-Image-2026-02-26-at-18.50.49-1-768x576.jpeg 768w, https:\/\/www.ccfbg.net\/wp-content\/uploads\/2026\/02\/WhatsApp-Image-2026-02-26-at-18.50.49-1-1536x1152.jpeg 1536w, https:\/\/www.ccfbg.net\/wp-content\/uploads\/2026\/02\/WhatsApp-Image-2026-02-26-at-18.50.49-1-1320x990.jpeg 1320w, https:\/\/www.ccfbg.net\/wp-content\/uploads\/2026\/02\/WhatsApp-Image-2026-02-26-at-18.50.49-1.jpeg 2048w\" sizes=\"auto, (max-width: 1024px) 100vw, 1024px\" \/><\/figure>\n\n\n\n<hr class=\"wp-block-separator has-alpha-channel-opacity\"\/>\n\n\n\n<h2 class=\"wp-block-heading\">Espace I-Participate<\/h2>\n\n\n\n<p>L\u2019Espace I-Participate du Centre Culturel Franco-Bissau-Guin\u00e9en est un lieu d\u00e9di\u00e9 \u00e0 la participation citoyenne, \u00e0 l\u2019innovation num\u00e9rique et \u00e0 l\u2019autonomisation de la jeunesse.<\/p>\n\n\n\n<p>Il s\u2019agit d\u2019un projet port\u00e9 par le Centre Culturel Franco-Bissau-Guin\u00e9en, en partenariat avec l\u2019ONG Tiniguena et le Programme des Nations Unies pour le d\u00e9veloppement (PNUD), avec un cofinancement de l\u2019Union europ\u00e9enne.<\/p>\n\n\n\n<p>Con\u00e7u comme un espace ouvert, inclusif et moderne, I-Participate met \u00e0 la disposition des jeunes des outils concrets pour d\u00e9velopper des id\u00e9es, des projets associatifs, des initiatives entrepreneuriales et des contenus cr\u00e9atifs. C\u2019est \u00e9galement un espace de formation, avec un accent particulier sur l\u2019inclusion, la litt\u00e9ratie num\u00e9rique, la ma\u00eetrise des outils informatiques et des nouvelles technologies.<\/p>\n\n\n\n<p>Nous recevons et encourageons les jeunes \u00e0 nous soumettre des propositions d\u2019activit\u00e9s, d\u2019ateliers, de d\u00e9bats ou de podcasts. L\u2019espace est ouvert aux initiatives innovantes contribuant au d\u00e9veloppement social, culturel et civique de la Guin\u00e9e-Bissau.<\/p>\n\n\n\n<p>L\u2019espace comprend :<\/p>\n\n\n\n<p>\u2013 des ordinateurs connect\u00e9s \u00e0 internet<br>\u2013 un accompagnement technique pour les projets num\u00e9riques<br>\u2013 un studio de podcast et de production audio<br>\u2013 un espace de travail collaboratif<br>\u2013 des formations en litt\u00e9ratie num\u00e9rique et en nouvelles technologies<\/p>\n\n\n\n<p>L\u2019ensemble des contenus produits dans le cadre du studio est accessible sur la plateforme :<br><a href=\"https:\/\/i-participate.com\/\">https:\/\/i-participate.com\/<\/a><\/p>\n\n\n\n<p>L\u2019Espace I-Participate est pleinement int\u00e9gr\u00e9 aux autres espaces du Centre culturel, notamment \u00e0 la Biblioth\u00e8que Multim\u00e9dia et \u00e0 l\u2019Auditorium, o\u00f9 sont r\u00e9guli\u00e8rement organis\u00e9es des conf\u00e9rences et des d\u00e9bats sur des th\u00e9matiques telles que l\u2019inclusion, l\u2019empowerment au f\u00e9minin, le d\u00e9veloppement durable, la citoyennet\u00e9 et l\u2019engagement des jeunes.<\/p>\n\n\n\n<h3 class=\"wp-block-heading\">Horaires d\u2019ouverture<\/h3>\n\n\n\n<p>L\u2019Espace I-Participate suit les horaires de la M\u00e9diath\u00e8que :<\/p>\n\n\n\n<p>Du mardi au vendredi : 9h \u00e0 13h et 15h \u00e0 19h<br>Le samedi : 9h \u00e0 13h<br>Ferm\u00e9 le lundi matin, les jours f\u00e9ri\u00e9s, durant le mois d\u2019ao\u00fbt et pendant les vacances de fin d\u2019ann\u00e9e.<\/p>\n\n\n\n<p>Pour toute information ou pour proposer une activit\u00e9 :<br><a>diretor@ccfbg.net<\/a><\/p>\n\n\n\n<p>Pra\u00e7a Che Guevara, rotunda de Baiana, Bissau<br>T\u00e9l\u00e9phone \/ WhatsApp : (245) 955148038<\/p>\n\n\n\n<figure class=\"wp-block-image size-large\"><img loading=\"lazy\" decoding=\"async\" width=\"1024\" height=\"338\" src=\"https:\/\/www.ccfbg.net\/wp-content\/uploads\/2026\/02\/WhatsApp-Image-2026-02-26-at-19.20.21-1024x338.jpeg\" alt=\"\" class=\"wp-image-2473\" srcset=\"https:\/\/www.ccfbg.net\/wp-content\/uploads\/2026\/02\/WhatsApp-Image-2026-02-26-at-19.20.21-1024x338.jpeg 1024w, https:\/\/www.ccfbg.net\/wp-content\/uploads\/2026\/02\/WhatsApp-Image-2026-02-26-at-19.20.21-300x99.jpeg 300w, https:\/\/www.ccfbg.net\/wp-content\/uploads\/2026\/02\/WhatsApp-Image-2026-02-26-at-19.20.21-768x254.jpeg 768w, https:\/\/www.ccfbg.net\/wp-content\/uploads\/2026\/02\/WhatsApp-Image-2026-02-26-at-19.20.21.jpeg 1280w\" sizes=\"auto, (max-width: 1024px) 100vw, 1024px\" \/><\/figure>\n","protected":false},"excerpt":{"rendered":"<p>O Espa\u00e7o I-Participate do Centro Cultural Franco-Bissau-Guineense \u00e9 um lugar dedicado \u00e0 participa\u00e7\u00e3o cidad\u00e3, \u00e0 inova\u00e7\u00e3o digital e ao empoderamento da juventude. Trata-se de um projeto implementado pelo Centro Cultural&hellip;<\/p>\n","protected":false},"author":1,"featured_media":2468,"parent":0,"menu_order":0,"comment_status":"closed","ping_status":"closed","template":"","meta":{"footnotes":""},"class_list":["post-2467","page","type-page","status-publish","has-post-thumbnail","hentry"],"_links":{"self":[{"href":"https:\/\/www.ccfbg.net\/index.php\/wp-json\/wp\/v2\/pages\/2467","targetHints":{"allow":["GET"]}}],"collection":[{"href":"https:\/\/www.ccfbg.net\/index.php\/wp-json\/wp\/v2\/pages"}],"about":[{"href":"https:\/\/www.ccfbg.net\/index.php\/wp-json\/wp\/v2\/types\/page"}],"author":[{"embeddable":true,"href":"https:\/\/www.ccfbg.net\/index.php\/wp-json\/wp\/v2\/users\/1"}],"replies":[{"embeddable":true,"href":"https:\/\/www.ccfbg.net\/index.php\/wp-json\/wp\/v2\/comments?post=2467"}],"version-history":[{"count":2,"href":"https:\/\/www.ccfbg.net\/index.php\/wp-json\/wp\/v2\/pages\/2467\/revisions"}],"predecessor-version":[{"id":2474,"href":"https:\/\/www.ccfbg.net\/index.php\/wp-json\/wp\/v2\/pages\/2467\/revisions\/2474"}],"wp:featuredmedia":[{"embeddable":true,"href":"https:\/\/www.ccfbg.net\/index.php\/wp-json\/wp\/v2\/media\/2468"}],"wp:attachment":[{"href":"https:\/\/www.ccfbg.net\/index.php\/wp-json\/wp\/v2\/media?parent=2467"}],"curies":[{"name":"wp","href":"https:\/\/api.w.org\/{rel}","templated":true}]}}