{"id":167,"date":"2022-10-04T20:23:03","date_gmt":"2022-10-04T20:23:03","guid":{"rendered":"https:\/\/www.ccfbg.net\/?page_id=167"},"modified":"2025-02-17T13:29:25","modified_gmt":"2025-02-17T13:29:25","slug":"o-ccfbg-2","status":"publish","type":"page","link":"https:\/\/www.ccfbg.net\/index.php\/o-ccfbg-2\/","title":{"rendered":"O CCFBG"},"content":{"rendered":"\n<p><strong>Um espa\u00e7o de forma\u00e7\u00e3o, cultura e interc\u00e2mbio no cora\u00e7\u00e3o de Bissau<\/strong><\/p>\n\n\n\n<p>O <strong>Centro Cultural Franco-Bissau-Guineense (CCFBG)<\/strong> \u00e9 uma institui\u00e7\u00e3o binacional criada no \u00e2mbito do <strong>Acordo de Coopera\u00e7\u00e3o Cultural, Cient\u00edfica, T\u00e9cnica e Econ\u00f3mica<\/strong>, assinado entre a <strong>Fran\u00e7a e a Guin\u00e9-Bissau em 1976<\/strong>, e refor\u00e7ado pela <strong>conven\u00e7\u00e3o assinada em 2002<\/strong>. A sua miss\u00e3o \u00e9 promover a l\u00edngua francesa e apoiar o desenvolvimento cultural e art\u00edstico do pa\u00eds.<\/p>\n\n\n\n<p>O CCFBG disp\u00f5e de infraestruturas modernas adaptadas \u00e0s suas m\u00faltiplas atividades:<\/p>\n\n\n\n<ul class=\"wp-block-list\">\n<li><strong>10 salas de aula<\/strong>, dedicadas ao ensino do franc\u00eas,<\/li>\n\n\n\n<li><strong>Um hall multiusos<\/strong>, concebido para acolher concertos, cocktails, exposi\u00e7\u00f5es e outros eventos,<\/li>\n\n\n\n<li><strong>Uma galeria de exposi\u00e7\u00f5es<\/strong>, que destaca artistas locais e internacionais,<\/li>\n\n\n\n<li><strong>Uma biblioteca-mediateca<\/strong> com mais de <strong>6.000 refer\u00eancias<\/strong>,<\/li>\n\n\n\n<li><strong>Um audit\u00f3rio com 220 lugares<\/strong>, equipado para espet\u00e1culos, confer\u00eancias, proje\u00e7\u00f5es de filmes e outros eventos culturais,<\/li>\n\n\n\n<li><strong>Um restaurante-cafetaria<\/strong>, gerido pela <strong>La Parisienne<\/strong>, proporcionando um ambiente agrad\u00e1vel para os visitantes do centro.<\/li>\n<\/ul>\n\n\n\n<p>Gra\u00e7as a estas instala\u00e7\u00f5es, o CCFBG \u00e9 <strong>um espa\u00e7o central na vida cultural e educativa da Guin\u00e9-Bissau<\/strong>, promovendo a difus\u00e3o da l\u00edngua francesa e o desenvolvimento art\u00edstico e cultural do pa\u00eds.<\/p>\n\n\n\n<hr class=\"wp-block-separator has-alpha-channel-opacity\"\/>\n\n\n\n<p><strong>Um centro de refer\u00eancia no ensino da l\u00edngua francesa<\/strong><\/p>\n\n\n\n<p>O CCFBG \u00e9 o principal centro de ensino de <strong>Franc\u00eas L\u00edngua Estrangeira (FLE)<\/strong> na Guin\u00e9-Bissau. Oferece uma ampla variedade de cursos adaptados a diferentes p\u00fablicos e desempenha um papel essencial na aprendizagem do franc\u00eas como ferramenta de comunica\u00e7\u00e3o e inser\u00e7\u00e3o profissional.<\/p>\n\n\n\n<p>Em <strong>2024<\/strong>, o centro acolheu <strong>mais de 1.500 alunos diferentes<\/strong>, demonstrando a grande procura pelo ensino da l\u00edngua francesa no pa\u00eds.<\/p>\n\n\n\n<p>Os cursos oferecidos incluem:<\/p>\n\n\n\n<ul class=\"wp-block-list\">\n<li><strong>Cursos de FLE para o p\u00fablico em geral<\/strong>, adaptados a todos os n\u00edveis de aprendizagem,<\/li>\n\n\n\n<li><strong>Cursos de coopera\u00e7\u00e3o<\/strong>, destinados a <strong>quadros da fun\u00e7\u00e3o p\u00fablica, militares e organiza\u00e7\u00f5es da sociedade civil<\/strong>, para refor\u00e7ar as suas compet\u00eancias lingu\u00edsticas e profissionais,<\/li>\n\n\n\n<li><strong>Aulas particulares<\/strong>, que proporcionam uma aprendizagem personalizada e adaptada \u00e0s necessidades espec\u00edficas dos alunos,<\/li>\n\n\n\n<li><strong>Cursos empresariais<\/strong>, desenvolvidos \u00e0 medida para responder \u00e0s necessidades dos profissionais, incluindo <strong>franc\u00eas para neg\u00f3cios<\/strong> e comunica\u00e7\u00e3o profissional.<\/li>\n<\/ul>\n\n\n\n<hr class=\"wp-block-separator has-alpha-channel-opacity\"\/>\n\n\n\n<p><strong>Certifica\u00e7\u00f5es reconhecidas internacionalmente: DELF e DALF<\/strong><\/p>\n\n\n\n<p>Como <strong>centro oficial de exames<\/strong>, o CCFBG organiza duas vezes por ano <strong>as provas do DELF (Diploma de Estudos em L\u00edngua Francesa) e do DALF (Diploma Aprofundado de L\u00edngua Francesa)<\/strong>. Estes diplomas, emitidos pelo <strong>Minist\u00e9rio da Educa\u00e7\u00e3o Nacional de Fran\u00e7a<\/strong>, s\u00e3o <strong>reconhecidos mundialmente<\/strong> e constituem um trunfo valioso para estudantes, profissionais e qualquer pessoa que pretenda certificar o seu n\u00edvel de franc\u00eas.<\/p>\n\n\n\n<p>O <strong>DELF e o DALF<\/strong> facilitam o acesso a oportunidades acad\u00e9micas e profissionais, nomeadamente:<\/p>\n\n\n\n<ul class=\"wp-block-list\">\n<li><strong>Inscri\u00e7\u00e3o em universidades franc\u00f3fonas<\/strong>,<\/li>\n\n\n\n<li><strong>Integra\u00e7\u00e3o em empresas e organiza\u00e7\u00f5es internacionais<\/strong>,<\/li>\n\n\n\n<li><strong>Maior mobilidade profissional na regi\u00e3o e no estrangeiro<\/strong>.<\/li>\n<\/ul>\n\n\n\n<p>No \u00e2mbito da coopera\u00e7\u00e3o entre a Fran\u00e7a e a Guin\u00e9-Bissau, v\u00e1rios estudantes guineenses beneficiaram recentemente <strong>de bolsas para frequentar licenciaturas em agronomia na Costa do Marfim<\/strong>, o que demonstra a import\u00e2ncia do franc\u00eas como ferramenta de forma\u00e7\u00e3o e desenvolvimento profissional.<\/p>\n\n\n\n<hr class=\"wp-block-separator has-alpha-channel-opacity\"\/>\n\n\n\n<p><strong>Um espa\u00e7o de apoio e valoriza\u00e7\u00e3o dos artistas guineenses<\/strong><\/p>\n\n\n\n<p>O <strong>CCFBG \u00e9 tamb\u00e9m um ator fundamental na vida cultural da Guin\u00e9-Bissau<\/strong>, apoiando <strong>artistas locais em diversas disciplinas<\/strong>, incluindo m\u00fasica, dan\u00e7a, teatro, artes visuais, literatura e cinema. O seu objetivo \u00e9 fomentar a cria\u00e7\u00e3o art\u00edstica e proporcionar aos artistas um espa\u00e7o para exporem os seus trabalhos, realizarem espet\u00e1culos e interagirem com o p\u00fablico.<\/p>\n\n\n\n<p>Em <strong>2024<\/strong>, o CCFBG organizou ou acolheu <strong>mais de 90 eventos culturais<\/strong>, atraindo <strong>mais de 17.000 espectadores<\/strong>.<\/p>\n\n\n\n<p>O centro trabalha em <strong>estreita colabora\u00e7\u00e3o com os principais agentes culturais guineenses e internacionais<\/strong>, incluindo <strong>Netos de Bandim, Ballet Nacional, Ur-Gente e Cam\u00f5es<\/strong>, para promover a diversidade art\u00edstica e apoiar a cria\u00e7\u00e3o local.<\/p>\n\n\n\n<hr class=\"wp-block-separator has-alpha-channel-opacity\"\/>\n\n\n\n<p><strong>Hor\u00e1rios de funcionamento<\/strong><\/p>\n\n\n\n<p>\ud83d\udccd <strong>Endere\u00e7o:<\/strong> Pra\u00e7a Che Guevara, Bissau, Guin\u00e9-Bissau<\/p>\n\n\n\n<p>\ud83d\udcc6 <strong>Hor\u00e1rio de funcionamento:<\/strong><\/p>\n\n\n\n<ul class=\"wp-block-list\">\n<li><strong>Segunda a sexta-feira:<\/strong> 09h00 \u2013 12h30 | 15h00 \u2013 19h30<\/li>\n\n\n\n<li><strong>S\u00e1bado:<\/strong> 09h00 \u2013 13h00<\/li>\n\n\n\n<li><strong>Encerrado ao domingo e feriados<\/strong><\/li>\n\n\n\n<li>O centro pode abrir noutros hor\u00e1rios em fun\u00e7\u00e3o dos eventos programados.<\/li>\n<\/ul>\n\n\n\n<p>\ud83d\udcde <strong>Contactos por setor:<\/strong><\/p>\n\n\n\n<ul class=\"wp-block-list\">\n<li>\ud83d\udce7 <strong>Geral:<\/strong> <a href=\"mailto:contato@ccfbg.net\">contato@ccfbg.net<\/a> | \ud83d\udcde <strong>+245 95 535 01 64<\/strong> | <strong>+245 96 252 38 3<\/strong><\/li>\n\n\n\n<li>\ud83d\udcda <strong>Biblioteca \u2013 Mediateca:<\/strong> <a href=\"mailto:mediateca@ccfbg.net\">mediateca@ccfbg.net<\/a><\/li>\n\n\n\n<li>\ud83c\udf93 <strong>Cursos de franc\u00eas \u2013 Inscri\u00e7\u00f5es:<\/strong> <a href=\"mailto:cursos@ccfbg.net\">cursos@ccfbg.net<\/a><\/li>\n\n\n\n<li>\ud83c\udfdb <strong>Dire\u00e7\u00e3o:<\/strong> <a href=\"mailto:diretor@ccfbg.net\">diretor@ccfbg.net<\/a><\/li>\n<\/ul>\n\n\n\n<p>\ud83c\udf0d <strong>Website:<\/strong> <a href=\"https:\/\/www.ccfbg.net\/\">www.ccfbg.net<\/a><br>\ud83d\udcd8 <strong>Facebook:<\/strong> @CCFBG<br>\ud83d\udcf8 <strong>Instagram:<\/strong> @ccfbg_oficial<\/p>\n","protected":false},"excerpt":{"rendered":"<p>Um espa\u00e7o de forma\u00e7\u00e3o, cultura e interc\u00e2mbio no cora\u00e7\u00e3o de Bissau O Centro Cultural Franco-Bissau-Guineense (CCFBG) \u00e9 uma institui\u00e7\u00e3o binacional criada no \u00e2mbito do Acordo de Coopera\u00e7\u00e3o Cultural, Cient\u00edfica, T\u00e9cnica&hellip;<\/p>\n","protected":false},"author":1,"featured_media":0,"parent":0,"menu_order":0,"comment_status":"closed","ping_status":"closed","template":"","meta":{"footnotes":""},"class_list":["post-167","page","type-page","status-publish","hentry"],"_links":{"self":[{"href":"https:\/\/www.ccfbg.net\/index.php\/wp-json\/wp\/v2\/pages\/167","targetHints":{"allow":["GET"]}}],"collection":[{"href":"https:\/\/www.ccfbg.net\/index.php\/wp-json\/wp\/v2\/pages"}],"about":[{"href":"https:\/\/www.ccfbg.net\/index.php\/wp-json\/wp\/v2\/types\/page"}],"author":[{"embeddable":true,"href":"https:\/\/www.ccfbg.net\/index.php\/wp-json\/wp\/v2\/users\/1"}],"replies":[{"embeddable":true,"href":"https:\/\/www.ccfbg.net\/index.php\/wp-json\/wp\/v2\/comments?post=167"}],"version-history":[{"count":4,"href":"https:\/\/www.ccfbg.net\/index.php\/wp-json\/wp\/v2\/pages\/167\/revisions"}],"predecessor-version":[{"id":1828,"href":"https:\/\/www.ccfbg.net\/index.php\/wp-json\/wp\/v2\/pages\/167\/revisions\/1828"}],"wp:attachment":[{"href":"https:\/\/www.ccfbg.net\/index.php\/wp-json\/wp\/v2\/media?parent=167"}],"curies":[{"name":"wp","href":"https:\/\/api.w.org\/{rel}","templated":true}]}}