{"id":162,"date":"2022-10-04T20:23:03","date_gmt":"2022-10-04T20:23:03","guid":{"rendered":"https:\/\/www.ccfbg.net\/?page_id=162"},"modified":"2025-10-13T20:40:47","modified_gmt":"2025-10-13T20:40:47","slug":"diplomas","status":"publish","type":"page","link":"https:\/\/www.ccfbg.net\/index.php\/diplomas\/","title":{"rendered":"Diplomas"},"content":{"rendered":"\n<p><strong><u>Os diplomas oficiais do governo franc\u00eas<\/u><\/strong><\/p>\n\n\n\n<figure class=\"wp-block-image size-full\"><img loading=\"lazy\" decoding=\"async\" width=\"400\" height=\"100\" src=\"https:\/\/www.ccfbg.net\/wp-content\/uploads\/2025\/10\/DELF-DALF.jpg\" alt=\"\" class=\"wp-image-2134\" srcset=\"https:\/\/www.ccfbg.net\/wp-content\/uploads\/2025\/10\/DELF-DALF.jpg 400w, https:\/\/www.ccfbg.net\/wp-content\/uploads\/2025\/10\/DELF-DALF-300x75.jpg 300w\" sizes=\"auto, (max-width: 400px) 100vw, 400px\" \/><\/figure>\n\n\n\n<p>Le Centre Culturel Franco-Bissau-Guin\u00e9en organise chaque ann\u00e9e, en mai\/juin et en d\u00e9cembre, deux sessions du Dipl\u00f4me d\u2019\u00c9tudes en Langue Fran\u00e7aise (DELF) et du Dipl\u00f4me Approfondi de Langue Fran\u00e7aise (DALF).<\/p>\n\n\n\n<p>Le DELF et le DALF sont des dipl\u00f4mes officiels d\u00e9livr\u00e9s par le minist\u00e8re fran\u00e7ais de l\u2019\u00c9ducation nationale, destin\u00e9s \u00e0 certifier les comp\u00e9tences en fran\u00e7ais des candidats \u00e9trangers. Ils sont reconnus dans le monde entier et valables sans limite de dur\u00e9e.<\/p>\n\n\n\n<p>O Centro Cultural Franco-Bissau-Guineense organiza anualmente, em Maio\/Junho e Dezembro, duas sess\u00f5es do Diploma de Estudos em L\u00edngua Francesa e do Diploma Aprofundado de L\u00edngua Francesa (DELF\/DALF).<\/p>\n\n\n\n<p>O DELF e o DALF s\u00e3o diplomas oficiais emitidos pelo Minist\u00e9rio franc\u00eas da Educa\u00e7\u00e3o Nacional, para certificar as compet\u00eancias em franc\u00eas dos candidatos estrangeiros. S\u00e3o reconhecidos no mundo inteiro, sem limite de validade.<\/p>\n\n\n\n<p><strong>Pre\u00e7os das provas | Prix des examens:<\/strong><br>A1: 11000 CFA<br>A2: 13500 CFA<br>B1: 15500 CFA<br>B2: 16500 CFA<br>C1: 22000 CFA<\/p>\n\n\n\n<p>&#8211;<\/p>\n\n\n\n<p><strong>Examens en d\u00e9cembre 2025<\/strong><\/p>\n\n\n\n<p><img loading=\"lazy\" decoding=\"async\" height=\"16\" width=\"16\" alt=\"\ud83d\udcc6\" src=\"https:\/\/static.xx.fbcdn.net\/images\/emoji.php\/v9\/tff\/1\/16\/1f4c6.png\"> Inscriptions ouvertes jusqu\u2019au 1er d\u00e9cembre<\/p>\n\n\n\n<p><img loading=\"lazy\" decoding=\"async\" height=\"16\" width=\"16\" alt=\"\ud83d\uddd3\ufe0f\" src=\"https:\/\/static.xx.fbcdn.net\/images\/emoji.php\/v9\/t5c\/1\/16\/1f5d3.png\"> \u00c9preuves et tarifs :<\/p>\n\n\n\n<p>A1 \u2013 8 d\u00e9cembre \u2192 11.000 CFA<\/p>\n\n\n\n<p>A2 \u2013 9 d\u00e9cembre \u2192 13.500 CFA<\/p>\n\n\n\n<p>B1 \u2013 10 d\u00e9cembre \u2192 15.500 CFA<\/p>\n\n\n\n<p>B2 \u2013 11 d\u00e9cembre \u2192 16.500 CFA<\/p>\n\n\n\n<p>C1 \u2013 12 d\u00e9cembre \u2192 22.000 CFA<\/p>\n\n\n\n<p><img loading=\"lazy\" decoding=\"async\" height=\"16\" width=\"16\" alt=\"\ud83d\udcda\" src=\"https:\/\/static.xx.fbcdn.net\/images\/emoji.php\/v9\/t49\/1\/16\/1f4da.png\"> \u00c9tudes sup\u00e9rieures \u2013 Requis par de nombreuses universit\u00e9s<\/p>\n\n\n\n<p><img loading=\"lazy\" decoding=\"async\" height=\"16\" width=\"16\" alt=\"\ud83d\udcbc\" src=\"https:\/\/static.xx.fbcdn.net\/images\/emoji.php\/v9\/td\/1\/16\/1f4bc.png\"> Carri\u00e8re \u2013 Valorisez vos comp\u00e9tences aupr\u00e8s des employeurs<\/p>\n\n\n\n<p><img loading=\"lazy\" decoding=\"async\" height=\"16\" width=\"16\" alt=\"\ud83c\udf0d\" src=\"https:\/\/static.xx.fbcdn.net\/images\/emoji.php\/v9\/t3f\/1\/16\/1f30d.png\"> Reconnaissance internationale \u2013 Dipl\u00f4mes officiels du Minist\u00e8re fran\u00e7ais de l\u2019\u00c9ducation nationale<\/p>\n\n\n\n<p><img loading=\"lazy\" decoding=\"async\" height=\"16\" width=\"16\" alt=\"\ud83d\udccd\" src=\"https:\/\/static.xx.fbcdn.net\/images\/emoji.php\/v9\/t2d\/1\/16\/1f4cd.png\"> Centre Culturel Franco-Bissau-Guin\u00e9en \u2013 Rotunda da Baiana<\/p>\n\n\n\n<p><img loading=\"lazy\" decoding=\"async\" height=\"16\" width=\"16\" alt=\"\ud83d\udcde\" src=\"https:\/\/static.xx.fbcdn.net\/images\/emoji.php\/v9\/t4d\/1\/16\/1f4de.png\"> WhatsApp : +245 95 514 81 28<\/p>\n\n\n\n<p><img loading=\"lazy\" decoding=\"async\" height=\"16\" width=\"16\" alt=\"\ud83d\udce7\" src=\"https:\/\/static.xx.fbcdn.net\/images\/emoji.php\/v9\/tbe\/1\/16\/1f4e7.png\"> cursos@ccfbg.net<\/p>\n\n\n\n<p><img loading=\"lazy\" decoding=\"async\" height=\"16\" width=\"16\" alt=\"\u2728\" src=\"https:\/\/static.xx.fbcdn.net\/images\/emoji.php\/v9\/tf4\/1\/16\/2728.png\"> Un dipl\u00f4me reconnu, un atout pour la vie.<\/p>\n\n\n\n<p><img loading=\"lazy\" decoding=\"async\" height=\"16\" width=\"16\" alt=\"\u2728\" src=\"https:\/\/static.xx.fbcdn.net\/images\/emoji.php\/v9\/tf4\/1\/16\/2728.png\"> Certifiez-vous en fran\u00e7ais, investissez dans votre avenir !<\/p>\n\n\n\n<p><img loading=\"lazy\" decoding=\"async\" height=\"16\" width=\"16\" alt=\"\ud83c\udf93\" src=\"https:\/\/static.xx.fbcdn.net\/images\/emoji.php\/v9\/t25\/1\/16\/1f393.png\"> DELF &amp; DALF: um diploma para mudar o seu futuro<\/p>\n\n\n\n<p>Certifique o seu n\u00edvel de franc\u00eas com um diploma oficial, reconhecido em todo o mundo.<\/p>\n\n\n\n<p><img loading=\"lazy\" decoding=\"async\" height=\"16\" width=\"16\" alt=\"\ud83d\udcc6\" src=\"https:\/\/static.xx.fbcdn.net\/images\/emoji.php\/v9\/tff\/1\/16\/1f4c6.png\"> Inscri\u00e7\u00f5es abertas at\u00e9 1 de dezembro<\/p>\n\n\n\n<p><img loading=\"lazy\" decoding=\"async\" height=\"16\" width=\"16\" alt=\"\ud83d\uddd3\ufe0f\" src=\"https:\/\/static.xx.fbcdn.net\/images\/emoji.php\/v9\/t5c\/1\/16\/1f5d3.png\"> Provas e pre\u00e7os:<\/p>\n\n\n\n<p>A1 \u2013 8 de dezembro \u2192 11.000 CFA<\/p>\n\n\n\n<p>A2 \u2013 9 de dezembro \u2192 13.500 CFA<\/p>\n\n\n\n<p>B1 \u2013 10 de dezembro \u2192 15.500 CFA<\/p>\n\n\n\n<p>B2 \u2013 11 de dezembro \u2192 16.500 CFA<\/p>\n\n\n\n<p>C1 \u2013 12 de dezembro \u2192 22.000 CFA<\/p>\n\n\n\n<p><img loading=\"lazy\" decoding=\"async\" height=\"16\" width=\"16\" alt=\"\ud83d\udcda\" src=\"https:\/\/static.xx.fbcdn.net\/images\/emoji.php\/v9\/t49\/1\/16\/1f4da.png\"> Ensino superior \u2013 Exigido por v\u00e1rias universidades<\/p>\n\n\n\n<p><img loading=\"lazy\" decoding=\"async\" height=\"16\" width=\"16\" alt=\"\ud83d\udcbc\" src=\"https:\/\/static.xx.fbcdn.net\/images\/emoji.php\/v9\/td\/1\/16\/1f4bc.png\"> Carreira \u2013 Valorize as suas compet\u00eancias perante os empregadores<\/p>\n\n\n\n<p><img loading=\"lazy\" decoding=\"async\" height=\"16\" width=\"16\" alt=\"\ud83c\udf0d\" src=\"https:\/\/static.xx.fbcdn.net\/images\/emoji.php\/v9\/t3f\/1\/16\/1f30d.png\"> Reconhecimento internacional \u2013 Diplomas oficiais do Minist\u00e9rio Franc\u00eas da Educa\u00e7\u00e3o Nacional<\/p>\n\n\n\n<p><img loading=\"lazy\" decoding=\"async\" height=\"16\" width=\"16\" alt=\"\ud83d\udccd\" src=\"https:\/\/static.xx.fbcdn.net\/images\/emoji.php\/v9\/t2d\/1\/16\/1f4cd.png\"> Centro Cultural Franco-Bissau-Guineense \u2013 Rotunda da Baiana<\/p>\n\n\n\n<p><img loading=\"lazy\" decoding=\"async\" height=\"16\" width=\"16\" alt=\"\ud83d\udcde\" src=\"https:\/\/static.xx.fbcdn.net\/images\/emoji.php\/v9\/t4d\/1\/16\/1f4de.png\"> WhatsApp : +245 95 514 81 28<\/p>\n\n\n\n<p><img loading=\"lazy\" decoding=\"async\" height=\"16\" width=\"16\" alt=\"\ud83d\udce7\" src=\"https:\/\/static.xx.fbcdn.net\/images\/emoji.php\/v9\/tbe\/1\/16\/1f4e7.png\"> cursos@ccfbg.net<\/p>\n\n\n\n<p><img loading=\"lazy\" decoding=\"async\" height=\"16\" width=\"16\" alt=\"\u2728\" src=\"https:\/\/static.xx.fbcdn.net\/images\/emoji.php\/v9\/tf4\/1\/16\/2728.png\"> Um diploma reconhecido, uma conquista para toda a vida.<\/p>\n\n\n\n<p><img loading=\"lazy\" decoding=\"async\" height=\"16\" width=\"16\" alt=\"\u2728\" src=\"https:\/\/static.xx.fbcdn.net\/images\/emoji.php\/v9\/tf4\/1\/16\/2728.png\"> Certifique-se em franc\u00eas, invista no seu futuro !<\/p>\n\n\n\n<figure class=\"wp-block-image size-large\"><img loading=\"lazy\" decoding=\"async\" width=\"724\" height=\"1024\" src=\"https:\/\/www.ccfbg.net\/wp-content\/uploads\/2025\/10\/WhatsApp-Image-2025-10-13-a-10.34.30_9f9523d4-724x1024.jpg\" alt=\"\" class=\"wp-image-2131\" srcset=\"https:\/\/www.ccfbg.net\/wp-content\/uploads\/2025\/10\/WhatsApp-Image-2025-10-13-a-10.34.30_9f9523d4-724x1024.jpg 724w, https:\/\/www.ccfbg.net\/wp-content\/uploads\/2025\/10\/WhatsApp-Image-2025-10-13-a-10.34.30_9f9523d4-212x300.jpg 212w, https:\/\/www.ccfbg.net\/wp-content\/uploads\/2025\/10\/WhatsApp-Image-2025-10-13-a-10.34.30_9f9523d4-768x1086.jpg 768w, https:\/\/www.ccfbg.net\/wp-content\/uploads\/2025\/10\/WhatsApp-Image-2025-10-13-a-10.34.30_9f9523d4-1087x1536.jpg 1087w, https:\/\/www.ccfbg.net\/wp-content\/uploads\/2025\/10\/WhatsApp-Image-2025-10-13-a-10.34.30_9f9523d4.jpg 1132w\" sizes=\"auto, (max-width: 724px) 100vw, 724px\" \/><\/figure>\n","protected":false},"excerpt":{"rendered":"<p>Os diplomas oficiais do governo franc\u00eas Le Centre Culturel Franco-Bissau-Guin\u00e9en organise chaque ann\u00e9e, en mai\/juin et en d\u00e9cembre, deux sessions du Dipl\u00f4me d\u2019\u00c9tudes en Langue Fran\u00e7aise (DELF) et du Dipl\u00f4me&hellip;<\/p>\n","protected":false},"author":1,"featured_media":0,"parent":0,"menu_order":0,"comment_status":"closed","ping_status":"closed","template":"","meta":{"footnotes":""},"class_list":["post-162","page","type-page","status-publish","hentry"],"_links":{"self":[{"href":"https:\/\/www.ccfbg.net\/index.php\/wp-json\/wp\/v2\/pages\/162","targetHints":{"allow":["GET"]}}],"collection":[{"href":"https:\/\/www.ccfbg.net\/index.php\/wp-json\/wp\/v2\/pages"}],"about":[{"href":"https:\/\/www.ccfbg.net\/index.php\/wp-json\/wp\/v2\/types\/page"}],"author":[{"embeddable":true,"href":"https:\/\/www.ccfbg.net\/index.php\/wp-json\/wp\/v2\/users\/1"}],"replies":[{"embeddable":true,"href":"https:\/\/www.ccfbg.net\/index.php\/wp-json\/wp\/v2\/comments?post=162"}],"version-history":[{"count":6,"href":"https:\/\/www.ccfbg.net\/index.php\/wp-json\/wp\/v2\/pages\/162\/revisions"}],"predecessor-version":[{"id":2135,"href":"https:\/\/www.ccfbg.net\/index.php\/wp-json\/wp\/v2\/pages\/162\/revisions\/2135"}],"wp:attachment":[{"href":"https:\/\/www.ccfbg.net\/index.php\/wp-json\/wp\/v2\/media?parent=162"}],"curies":[{"name":"wp","href":"https:\/\/api.w.org\/{rel}","templated":true}]}}